{"id":1458,"date":"2025-11-04T02:29:49","date_gmt":"2025-11-04T02:29:49","guid":{"rendered":"https:\/\/sqcabinetry.com\/?page_id=1458"},"modified":"2026-04-29T17:22:40","modified_gmt":"2026-04-29T17:22:40","slug":"servicios-de-instalacion","status":"publish","type":"page","link":"https:\/\/sqcabinetry.com\/es\/servicios-de-instalacion\/","title":{"rendered":"Servicios de instalaci\u00f3n"},"content":{"rendered":"<div data-elementor-type=\"wp-page\" data-elementor-id=\"1458\" class=\"elementor elementor-1458\" data-elementor-post-type=\"page\">\n\t\t\t\t<div class=\"elementor-element elementor-element-b2ea6ee e-con-full wd-section-stretch-content e-flex e-con e-parent\" data-id=\"b2ea6ee\" data-element_type=\"container\" data-e-type=\"container\" data-settings=\"{&quot;background_background&quot;:&quot;classic&quot;}\">\n\t\t<div class=\"elementor-element elementor-element-fa85cdd e-con-full e-flex e-con e-child\" data-id=\"fa85cdd\" data-element_type=\"container\" data-e-type=\"container\">\n\t\t\t\t<div class=\"elementor-element elementor-element-20cfb15 elementor-widget elementor-widget-heading\" data-id=\"20cfb15\" data-element_type=\"widget\" data-e-type=\"widget\" data-widget_type=\"heading.default\">\n\t\t\t\t\t<h2 class=\"elementor-heading-title elementor-size-default\">A su servicio<\/h2>\t\t\t\t<\/div>\n\t\t\t\t<div class=\"elementor-element elementor-element-fa75367 elementor-widget elementor-widget-heading\" data-id=\"fa75367\" data-element_type=\"widget\" data-e-type=\"widget\" data-widget_type=\"heading.default\">\n\t\t\t\t\t<h2 class=\"elementor-heading-title elementor-size-default\">Servicios profesionales de medici\u00f3n e instalaci\u00f3n exclusivos para nuestros clientes locales del sur de California<\/h2>\t\t\t\t<\/div>\n\t\t\t\t<\/div>\n\t\t\t\t<\/div>\n\t\t<div class=\"wd-negative-gap elementor-element elementor-element-e4623d1 wd-section-stretch-content e-flex e-con-boxed e-con e-parent\" data-id=\"e4623d1\" data-element_type=\"container\" data-e-type=\"container\">\n\t\t\t\t\t<div class=\"e-con-inner\">\n\t\t\t\t<div class=\"elementor-element elementor-element-ee95c6e elementor-widget elementor-widget-heading\" data-id=\"ee95c6e\" data-element_type=\"widget\" data-e-type=\"widget\" data-widget_type=\"heading.default\">\n\t\t\t\t\t<h2 class=\"elementor-heading-title elementor-size-default\">Trabaje con nuestros especialistas certificados en instalaci\u00f3n<\/h2>\t\t\t\t<\/div>\n\t\t\t\t<div class=\"elementor-element elementor-element-7ed59b8 elementor-widget-divider--view-line elementor-widget elementor-widget-divider\" data-id=\"7ed59b8\" data-element_type=\"widget\" data-e-type=\"widget\" data-widget_type=\"divider.default\">\n\t\t\t\t\t\t\t<div class=\"elementor-divider\">\n\t\t\t<span class=\"elementor-divider-separator\">\n\t\t\t\t\t\t<\/span>\n\t\t<\/div>\n\t\t\t\t\t\t<\/div>\n\t\t\t\t<div class=\"elementor-element elementor-element-8b5de34 elementor-widget__width-initial color-scheme-inherit text-left elementor-widget elementor-widget-text-editor\" data-id=\"8b5de34\" data-element_type=\"widget\" data-e-type=\"widget\" data-widget_type=\"text-editor.default\">\n\t\t\t\t\t\t\t\t\t<p>Transforme su hogar con confianza \u00bfPor qu\u00e9 hacer malabarismos con varios contratistas cuando un equipo especializado puede encargarse de todo? Nos asociamos con los mejores especialistas certificados en instalaci\u00f3n del sector para ofrecerle una experiencia de renovaci\u00f3n de alta gama sin preocupaciones. Desde la primera medici\u00f3n hasta el \u00faltimo clavo de acabado, estamos con usted en cada paso del camino.<\/p><p>Comience con una consulta profesional a domicilio Un gran proyecto comienza con datos precisos. Reserve hoy mismo una medici\u00f3n a domicilio y un profesional visitar\u00e1 su casa para asegurarse de que se tienen en cuenta todas las dimensiones. Aunque esta visita conlleva una peque\u00f1a tarifa de servicio inicial, es totalmente reembolsable como cr\u00e9dito para la instalaci\u00f3n final. Es nuestra forma de asegurarnos de que su proyecto empieza con buen pie sin ning\u00fan coste adicional a largo plazo para usted.<\/p><p>Todo lo que necesita bajo un mismo techo M\u00e1s all\u00e1 de la ebanister\u00eda, somos sus socios en la mejora integral del hogar. Para que su remodelaci\u00f3n sea lo m\u00e1s fluida posible, tambi\u00e9n ofrecemos:<\/p><ul><li>Instalaci\u00f3n experta de encimeras y suelos<\/li><li>Servicios de demolici\u00f3n eficaces<\/li><li>Montaje e instalaci\u00f3n profesional de armarios<\/li><\/ul><p>Nos enorgullecemos de nuestra puntualidad, transparencia y mano de obra superior. Cuente con nosotros para completar su proyecto a tiempo, dentro del presupuesto, y m\u00e1s all\u00e1 de sus expectativas.<\/p>\t\t\t\t\t\t\t\t<\/div>\n\t\t<div class=\"elementor-element elementor-element-0a5f7a8 e-con-full e-flex e-con e-child\" data-id=\"0a5f7a8\" data-element_type=\"container\" data-e-type=\"container\">\n\t\t<div class=\"elementor-element elementor-element-41b8700 e-con-full e-flex e-con e-child\" data-id=\"41b8700\" data-element_type=\"container\" data-e-type=\"container\" data-settings=\"{&quot;background_background&quot;:&quot;classic&quot;}\">\n\t\t\t\t<\/div>\n\t\t\t\t<\/div>\n\t\t\t\t\t<\/div>\n\t\t\t\t<\/div>\n\t\t\t\t<\/div>","protected":false},"excerpt":{"rendered":"<p>At Your Service Professional Measuring and Installation Services Exclusively for Our Local Southern California Clients Work with Our Certified Installation<\/p>","protected":false},"author":1,"featured_media":0,"parent":0,"menu_order":0,"comment_status":"closed","ping_status":"closed","template":"elementor_header_footer","meta":{"_acf_changed":false,"footnotes":""},"class_list":["post-1458","page","type-page","status-publish","hentry"],"acf":[],"_hostinger_reach_plugin_has_subscription_block":false,"_hostinger_reach_plugin_is_elementor":false,"_links":{"self":[{"href":"https:\/\/sqcabinetry.com\/es\/wp-json\/wp\/v2\/pages\/1458","targetHints":{"allow":["GET"]}}],"collection":[{"href":"https:\/\/sqcabinetry.com\/es\/wp-json\/wp\/v2\/pages"}],"about":[{"href":"https:\/\/sqcabinetry.com\/es\/wp-json\/wp\/v2\/types\/page"}],"author":[{"embeddable":true,"href":"https:\/\/sqcabinetry.com\/es\/wp-json\/wp\/v2\/users\/1"}],"replies":[{"embeddable":true,"href":"https:\/\/sqcabinetry.com\/es\/wp-json\/wp\/v2\/comments?post=1458"}],"version-history":[{"count":22,"href":"https:\/\/sqcabinetry.com\/es\/wp-json\/wp\/v2\/pages\/1458\/revisions"}],"predecessor-version":[{"id":29594,"href":"https:\/\/sqcabinetry.com\/es\/wp-json\/wp\/v2\/pages\/1458\/revisions\/29594"}],"wp:attachment":[{"href":"https:\/\/sqcabinetry.com\/es\/wp-json\/wp\/v2\/media?parent=1458"}],"curies":[{"name":"wp","href":"https:\/\/api.w.org\/{rel}","templated":true}]}}