{"id":1477,"date":"2025-11-04T03:00:40","date_gmt":"2025-11-04T03:00:40","guid":{"rendered":"https:\/\/sqcabinetry.com\/?page_id=1477"},"modified":"2026-04-29T17:23:18","modified_gmt":"2026-04-29T17:23:18","slug":"promesa-del-precio-mas-bajo","status":"publish","type":"page","link":"https:\/\/sqcabinetry.com\/es\/promesa-del-precio-mas-bajo\/","title":{"rendered":"Precio m\u00ednimo garantizado"},"content":{"rendered":"<div data-elementor-type=\"wp-page\" data-elementor-id=\"1477\" class=\"elementor elementor-1477\" data-elementor-post-type=\"page\">\n\t\t\t\t<div class=\"wd-negative-gap elementor-element elementor-element-0dc1a00 wd-section-stretch e-flex e-con-boxed e-con e-parent\" data-id=\"0dc1a00\" data-element_type=\"container\" data-e-type=\"container\">\n\t\t\t\t\t<div class=\"e-con-inner\">\n\t\t<div class=\"elementor-element elementor-element-b654f4f e-con-full e-flex e-con e-child\" data-id=\"b654f4f\" data-element_type=\"container\" data-e-type=\"container\">\n\t\t\t\t<div class=\"elementor-element elementor-element-ccf0f29 elementor-widget elementor-widget-heading\" data-id=\"ccf0f29\" data-element_type=\"widget\" data-e-type=\"widget\" data-widget_type=\"heading.default\">\n\t\t\t\t\t<h2 class=\"elementor-heading-title elementor-size-default\">Precio m\u00ednimo garantizado\n<\/h2>\t\t\t\t<\/div>\n\t\t\t\t<div class=\"elementor-element elementor-element-1d99b0b elementor-widget elementor-widget-heading\" data-id=\"1d99b0b\" data-element_type=\"widget\" data-e-type=\"widget\" data-widget_type=\"heading.default\">\n\t\t\t\t\t<h3 class=\"elementor-heading-title elementor-size-default\">Coincidimos - y hacemos todo lo posible por superarlo\n<\/h3>\t\t\t\t<\/div>\n\t\t\t\t<div class=\"elementor-element elementor-element-f074f31 color-scheme-inherit text-left elementor-widget elementor-widget-text-editor\" data-id=\"f074f31\" data-element_type=\"widget\" data-e-type=\"widget\" data-widget_type=\"text-editor.default\">\n\t\t\t\t\t\t\t\t\t<p>En Square Cabinetry, nuestra misi\u00f3n es simple: ayudarle a disfrutar de armarios de primera calidad al mejor precio posible. Cuando usted compra directamente de nosotros, se salta el intermediario y evitar todos los m\u00e1rgenes innecesarios - ahorrar m\u00e1s al obtener m\u00e1s.<\/p>\t\t\t\t\t\t\t\t<\/div>\n\t\t\t\t<div class=\"elementor-element elementor-element-e4742db elementor-widget elementor-widget-heading\" data-id=\"e4742db\" data-element_type=\"widget\" data-e-type=\"widget\" data-widget_type=\"heading.default\">\n\t\t\t\t\t<h3 class=\"elementor-heading-title elementor-size-default\">Funciones premium, siempre incluidas\n<\/h3>\t\t\t\t<\/div>\n\t\t\t\t<div class=\"elementor-element elementor-element-eefb0d5 color-scheme-inherit text-left elementor-widget elementor-widget-text-editor\" data-id=\"eefb0d5\" data-element_type=\"widget\" data-e-type=\"widget\" data-widget_type=\"text-editor.default\">\n\t\t\t\t\t\t\t\t\t<p>Con nosotros, premium no significa extra.<br \/>A diferencia de muchos competidores que cobran por cada mejora, nosotros incluimos caracter\u00edsticas de gama alta en todos los armarios que vendemos:<\/p><ul><li><p>Cajones y puertas con cierre suave<\/p><\/li><li><p>Marcos de puerta de madera maciza<\/p><\/li><li><p>Cajones de cola de milano<\/p><\/li><li><p>Bisagras de cierre suave ajustables en seis posiciones<\/p><\/li><li><p>Caja de madera contrachapada s\u00f3lida y duradera<\/p><\/li><\/ul><p>No son mejoras, son nuestro est\u00e1ndar.<\/p>\t\t\t\t\t\t\t\t<\/div>\n\t\t\t\t<div class=\"elementor-element elementor-element-e85d2ad elementor-widget elementor-widget-heading\" data-id=\"e85d2ad\" data-element_type=\"widget\" data-e-type=\"widget\" data-widget_type=\"heading.default\">\n\t\t\t\t\t<h3 class=\"elementor-heading-title elementor-size-default\">\u00bfHa encontrado un precio m\u00e1s bajo? H\u00e1ganoslo saber\n<\/h3>\t\t\t\t<\/div>\n\t\t\t\t<div class=\"elementor-element elementor-element-636cbed color-scheme-inherit text-left elementor-widget elementor-widget-text-editor\" data-id=\"636cbed\" data-element_type=\"widget\" data-e-type=\"widget\" data-widget_type=\"text-editor.default\">\n\t\t\t\t\t\t\t\t\t<p>Si ha recibido un presupuesto de otra empresa para los mismos productos que nosotros, queremos verlo.<\/p><p>S\u00f3lo tiene que enviarnos una copia del presupuesto o de la cesta de la compra, y haremos todo lo posible no s\u00f3lo por igualarlo, sino por ofrecerle una oferta a\u00fan mejor.<\/p><p>\ud83d\udce7 Correo electr\u00f3nico: service@sqcabinetry.com<\/p><p>Nota: S\u00f3lo comparamos productos id\u00e9nticos en cuanto a material, construcci\u00f3n y especificaciones. Aunque algunos art\u00edculos pueden parecer similares en l\u00ednea, la calidad de construcci\u00f3n puede variar significativamente.<\/p>\t\t\t\t\t\t\t\t<\/div>\n\t\t\t\t<div class=\"elementor-element elementor-element-0e03b8b elementor-widget elementor-widget-heading\" data-id=\"0e03b8b\" data-element_type=\"widget\" data-e-type=\"widget\" data-widget_type=\"heading.default\">\n\t\t\t\t\t<h3 class=\"elementor-heading-title elementor-size-default\">Lo que podemos igualar y lo que no\n<\/h3>\t\t\t\t<\/div>\n\t\t\t\t<div class=\"elementor-element elementor-element-1854861 color-scheme-inherit text-left elementor-widget elementor-widget-text-editor\" data-id=\"1854861\" data-element_type=\"widget\" data-e-type=\"widget\" data-widget_type=\"text-editor.default\">\n\t\t\t\t\t\t\t\t\t<div class=\"block\"><p>Para que nuestros precios sean justos y transparentes, esto es lo que se aplica:<\/p><ul><li><p>La igualaci\u00f3n de precios s\u00f3lo est\u00e1 disponible para vendedores verificados y de confianza.<\/p><\/li><li><p>No podemos emparejar presupuestos de sitios web que parezcan fraudulentos o sospechosos, como los que carecen de informaci\u00f3n de contacto o tienen rese\u00f1as negativas constantes.<\/p><\/li><li><p>Nuestra igualaci\u00f3n de precios no se aplica a nuestras propias promociones o rebajas, que est\u00e1n limitadas en el tiempo y sujetas a cambios.<\/p><\/li><li><p>\u00bfYa ha realizado un pedido? A\u00fan tiene 15 d\u00edas para solicitar la igualaci\u00f3n de precios.<\/p><\/li><li><p>Los pedidos que requieran una financiaci\u00f3n especial no podr\u00e1n acogerse a los ajustes de precio.<\/p><\/li><\/ul><\/div>\t\t\t\t\t\t\t\t<\/div>\n\t\t\t\t<div class=\"elementor-element elementor-element-bccee47 elementor-widget elementor-widget-heading\" data-id=\"bccee47\" data-element_type=\"widget\" data-e-type=\"widget\" data-widget_type=\"heading.default\">\n\t\t\t\t\t<h3 class=\"elementor-heading-title elementor-size-default\">Servicio de confianza\n<\/h3>\t\t\t\t<\/div>\n\t\t\t\t<div class=\"elementor-element elementor-element-cee596b color-scheme-inherit text-left elementor-widget elementor-widget-text-editor\" data-id=\"cee596b\" data-element_type=\"widget\" data-e-type=\"widget\" data-widget_type=\"text-editor.default\">\n\t\t\t\t\t\t\t\t\t<p>En Square Cabinetry, la satisfacci\u00f3n del cliente est\u00e1 en el centro de todo lo que hacemos. Desde la selecci\u00f3n del producto hasta el dise\u00f1o gratuito de la cocina, desde el presupuesto hasta la entrega final, estamos aqu\u00ed para hacer que el proceso sea sencillo, claro y fiable.<\/p><p>Si algo no sale como esper\u00e1bamos, lo arreglaremos. Esa es nuestra promesa.<\/p><p>Entendemos que comprar armarios online puede parecer un gran paso, pero con Square Cabinetry estar\u00e1 en buenas manos de principio a fin.<\/p>\t\t\t\t\t\t\t\t<\/div>\n\t\t\t\t<div class=\"elementor-element elementor-element-d56851d elementor-widget elementor-widget-heading\" data-id=\"d56851d\" data-element_type=\"widget\" data-e-type=\"widget\" data-widget_type=\"heading.default\">\n\t\t\t\t\t<h3 class=\"elementor-heading-title elementor-size-default\">Una \u00faltima palabra sobre los precios\n<\/h3>\t\t\t\t<\/div>\n\t\t\t\t<div class=\"elementor-element elementor-element-7cb9a09 color-scheme-inherit text-left elementor-widget elementor-widget-text-editor\" data-id=\"7cb9a09\" data-element_type=\"widget\" data-e-type=\"widget\" data-widget_type=\"text-editor.default\">\n\t\t\t\t\t\t\t\t\t<p>A veces, los competidores publican precios o tarifas de env\u00edo debido a errores internos del sistema o a promociones por tiempo limitado que quedan fuera de los precios habituales del mercado. En tales casos, es posible que no podamos igualar esas ofertas, pero siempre le ofreceremos el mejor precio posible, con la confianza de una calidad y un servicio de asistencia fiables.<\/p><p>Nuestro objetivo es sencillo: asegurarnos de que obtiene el producto adecuado, al precio adecuado, de una empresa en la que puede confiar.<\/p>\t\t\t\t\t\t\t\t<\/div>\n\t\t\t\t<\/div>\n\t\t<div class=\"elementor-element elementor-element-c46105d e-con-full e-flex e-con e-child\" data-id=\"c46105d\" data-element_type=\"container\" data-e-type=\"container\">\n\t\t\t\t<div class=\"elementor-element elementor-element-93cbb66 elementor-widget elementor-widget-image\" data-id=\"93cbb66\" data-element_type=\"widget\" data-e-type=\"widget\" data-widget_type=\"image.default\">\n\t\t\t\t\t\t\t\t\t\t\t\t\t\t\t<img loading=\"lazy\" decoding=\"async\" width=\"2560\" height=\"1709\" src=\"https:\/\/sqcabinetry.com\/wp-content\/uploads\/2026\/03\/iuliia-pilipeichenko-4RoasYpsqIA-unsplash-1-scaled.jpg\" class=\"attachment-full size-full wp-image-5663\" alt=\"\" srcset=\"https:\/\/sqcabinetry.com\/wp-content\/uploads\/2026\/03\/iuliia-pilipeichenko-4RoasYpsqIA-unsplash-1-scaled.jpg 2560w, https:\/\/sqcabinetry.com\/wp-content\/uploads\/2026\/03\/iuliia-pilipeichenko-4RoasYpsqIA-unsplash-1-scaled-430x287.jpg 430w, https:\/\/sqcabinetry.com\/wp-content\/uploads\/2026\/03\/iuliia-pilipeichenko-4RoasYpsqIA-unsplash-1-scaled-150x100.jpg 150w, https:\/\/sqcabinetry.com\/wp-content\/uploads\/2026\/03\/iuliia-pilipeichenko-4RoasYpsqIA-unsplash-1-scaled-700x467.jpg 700w, https:\/\/sqcabinetry.com\/wp-content\/uploads\/2026\/03\/iuliia-pilipeichenko-4RoasYpsqIA-unsplash-1-400x267.jpg 400w, https:\/\/sqcabinetry.com\/wp-content\/uploads\/2026\/03\/iuliia-pilipeichenko-4RoasYpsqIA-unsplash-1-1198x800.jpg 1198w, https:\/\/sqcabinetry.com\/wp-content\/uploads\/2026\/03\/iuliia-pilipeichenko-4RoasYpsqIA-unsplash-1-768x513.jpg 768w, https:\/\/sqcabinetry.com\/wp-content\/uploads\/2026\/03\/iuliia-pilipeichenko-4RoasYpsqIA-unsplash-1-1536x1025.jpg 1536w, https:\/\/sqcabinetry.com\/wp-content\/uploads\/2026\/03\/iuliia-pilipeichenko-4RoasYpsqIA-unsplash-1-2048x1367.jpg 2048w, https:\/\/sqcabinetry.com\/wp-content\/uploads\/2026\/03\/iuliia-pilipeichenko-4RoasYpsqIA-unsplash-1-18x12.jpg 18w\" sizes=\"auto, (max-width: 2560px) 100vw, 2560px\" \/>\t\t\t\t\t\t\t\t\t\t\t\t\t\t\t<\/div>\n\t\t\t\t<div class=\"elementor-element elementor-element-955e310 elementor-widget elementor-widget-image\" data-id=\"955e310\" data-element_type=\"widget\" data-e-type=\"widget\" data-widget_type=\"image.default\">\n\t\t\t\t\t\t\t\t\t\t\t\t\t\t\t<img loading=\"lazy\" decoding=\"async\" width=\"1920\" height=\"1273\" src=\"https:\/\/sqcabinetry.com\/wp-content\/uploads\/2026\/03\/bufordchristianson-boiler-installer-8122273_1920.jpg\" class=\"attachment-full size-full wp-image-5658\" alt=\"\" srcset=\"https:\/\/sqcabinetry.com\/wp-content\/uploads\/2026\/03\/bufordchristianson-boiler-installer-8122273_1920.jpg 1920w, https:\/\/sqcabinetry.com\/wp-content\/uploads\/2026\/03\/bufordchristianson-boiler-installer-8122273_1920-430x285.jpg 430w, https:\/\/sqcabinetry.com\/wp-content\/uploads\/2026\/03\/bufordchristianson-boiler-installer-8122273_1920-150x99.jpg 150w, https:\/\/sqcabinetry.com\/wp-content\/uploads\/2026\/03\/bufordchristianson-boiler-installer-8122273_1920-700x464.jpg 700w, https:\/\/sqcabinetry.com\/wp-content\/uploads\/2026\/03\/bufordchristianson-boiler-installer-8122273_1920-400x265.jpg 400w, https:\/\/sqcabinetry.com\/wp-content\/uploads\/2026\/03\/bufordchristianson-boiler-installer-8122273_1920-1207x800.jpg 1207w, https:\/\/sqcabinetry.com\/wp-content\/uploads\/2026\/03\/bufordchristianson-boiler-installer-8122273_1920-768x509.jpg 768w, https:\/\/sqcabinetry.com\/wp-content\/uploads\/2026\/03\/bufordchristianson-boiler-installer-8122273_1920-1536x1018.jpg 1536w, https:\/\/sqcabinetry.com\/wp-content\/uploads\/2026\/03\/bufordchristianson-boiler-installer-8122273_1920-18x12.jpg 18w\" sizes=\"auto, (max-width: 1920px) 100vw, 1920px\" \/>\t\t\t\t\t\t\t\t\t\t\t\t\t\t\t<\/div>\n\t\t\t\t<div class=\"elementor-element elementor-element-fbda8ef elementor-widget elementor-widget-image\" data-id=\"fbda8ef\" data-element_type=\"widget\" data-e-type=\"widget\" data-widget_type=\"image.default\">\n\t\t\t\t\t\t\t\t\t\t\t\t\t\t\t<img loading=\"lazy\" decoding=\"async\" width=\"2560\" height=\"1788\" src=\"https:\/\/sqcabinetry.com\/wp-content\/uploads\/2026\/01\/they-share-a-passion-for-helping-people-2025-04-06-07-32-33-utc-scaled.jpg\" class=\"attachment-full size-full wp-image-4508\" alt=\"\" srcset=\"https:\/\/sqcabinetry.com\/wp-content\/uploads\/2026\/01\/they-share-a-passion-for-helping-people-2025-04-06-07-32-33-utc-scaled.jpg 2560w, https:\/\/sqcabinetry.com\/wp-content\/uploads\/2026\/01\/they-share-a-passion-for-helping-people-2025-04-06-07-32-33-utc-scaled-430x300.jpg 430w, https:\/\/sqcabinetry.com\/wp-content\/uploads\/2026\/01\/they-share-a-passion-for-helping-people-2025-04-06-07-32-33-utc-scaled-150x105.jpg 150w, https:\/\/sqcabinetry.com\/wp-content\/uploads\/2026\/01\/they-share-a-passion-for-helping-people-2025-04-06-07-32-33-utc-scaled-700x489.jpg 700w, https:\/\/sqcabinetry.com\/wp-content\/uploads\/2026\/01\/they-share-a-passion-for-helping-people-2025-04-06-07-32-33-utc-400x279.jpg 400w, https:\/\/sqcabinetry.com\/wp-content\/uploads\/2026\/01\/they-share-a-passion-for-helping-people-2025-04-06-07-32-33-utc-1145x800.jpg 1145w, https:\/\/sqcabinetry.com\/wp-content\/uploads\/2026\/01\/they-share-a-passion-for-helping-people-2025-04-06-07-32-33-utc-768x537.jpg 768w, https:\/\/sqcabinetry.com\/wp-content\/uploads\/2026\/01\/they-share-a-passion-for-helping-people-2025-04-06-07-32-33-utc-1536x1073.jpg 1536w, https:\/\/sqcabinetry.com\/wp-content\/uploads\/2026\/01\/they-share-a-passion-for-helping-people-2025-04-06-07-32-33-utc-2048x1431.jpg 2048w, https:\/\/sqcabinetry.com\/wp-content\/uploads\/2026\/01\/they-share-a-passion-for-helping-people-2025-04-06-07-32-33-utc-18x12.jpg 18w\" sizes=\"auto, (max-width: 2560px) 100vw, 2560px\" \/>\t\t\t\t\t\t\t\t\t\t\t\t\t\t\t<\/div>\n\t\t\t\t<\/div>\n\t\t\t\t\t<\/div>\n\t\t\t\t<\/div>\n\t\t\t\t<\/div>","protected":false},"excerpt":{"rendered":"<p>Lowest Price Guarantee We Match &#8211; and Do Our Best to Beat It At Square Cabinetry, our mission is simple:<\/p>","protected":false},"author":1,"featured_media":0,"parent":0,"menu_order":0,"comment_status":"closed","ping_status":"closed","template":"elementor_header_footer","meta":{"_acf_changed":false,"footnotes":""},"class_list":["post-1477","page","type-page","status-publish","hentry"],"acf":[],"_hostinger_reach_plugin_has_subscription_block":false,"_hostinger_reach_plugin_is_elementor":false,"_links":{"self":[{"href":"https:\/\/sqcabinetry.com\/es\/wp-json\/wp\/v2\/pages\/1477","targetHints":{"allow":["GET"]}}],"collection":[{"href":"https:\/\/sqcabinetry.com\/es\/wp-json\/wp\/v2\/pages"}],"about":[{"href":"https:\/\/sqcabinetry.com\/es\/wp-json\/wp\/v2\/types\/page"}],"author":[{"embeddable":true,"href":"https:\/\/sqcabinetry.com\/es\/wp-json\/wp\/v2\/users\/1"}],"replies":[{"embeddable":true,"href":"https:\/\/sqcabinetry.com\/es\/wp-json\/wp\/v2\/comments?post=1477"}],"version-history":[{"count":28,"href":"https:\/\/sqcabinetry.com\/es\/wp-json\/wp\/v2\/pages\/1477\/revisions"}],"predecessor-version":[{"id":29597,"href":"https:\/\/sqcabinetry.com\/es\/wp-json\/wp\/v2\/pages\/1477\/revisions\/29597"}],"wp:attachment":[{"href":"https:\/\/sqcabinetry.com\/es\/wp-json\/wp\/v2\/media?parent=1477"}],"curies":[{"name":"wp","href":"https:\/\/api.w.org\/{rel}","templated":true}]}}