{"id":1558,"date":"2025-11-05T06:07:04","date_gmt":"2025-11-05T06:07:04","guid":{"rendered":"https:\/\/sqcabinetry.com\/?page_id=1558"},"modified":"2026-04-29T17:23:51","modified_gmt":"2026-04-29T17:23:51","slug":"informacion-sobre-la-garantia","status":"publish","type":"page","link":"https:\/\/sqcabinetry.com\/es\/informacion-sobre-la-garantia\/","title":{"rendered":"Informaci\u00f3n sobre la garant\u00eda"},"content":{"rendered":"<div data-elementor-type=\"wp-page\" data-elementor-id=\"1558\" class=\"elementor elementor-1558\" data-elementor-post-type=\"page\">\n\t\t\t\t<div class=\"wd-negative-gap elementor-element elementor-element-4eedb02 wd-section-stretch e-flex e-con-boxed e-con e-parent\" data-id=\"4eedb02\" data-element_type=\"container\" data-e-type=\"container\">\n\t\t\t\t\t<div class=\"e-con-inner\">\n\t\t\t\t<div class=\"elementor-element elementor-element-c31ca53 elementor-hidden-desktop elementor-hidden-tablet elementor-hidden-mobile elementor-widget elementor-widget-image\" data-id=\"c31ca53\" data-element_type=\"widget\" data-e-type=\"widget\" data-widget_type=\"image.default\">\n\t\t\t\t\t\t\t\t\t\t\t\t\t\t\t<img decoding=\"async\" src=\"https:\/\/sqcabinetry.com\/wp-content\/uploads\/2025\/11\/9288e2c2010a3a70fc8bd134f871a295.png\" title=\"\" alt=\"\" loading=\"lazy\" \/>\t\t\t\t\t\t\t\t\t\t\t\t\t\t\t<\/div>\n\t\t\t\t<div class=\"elementor-element elementor-element-f475d54 elementor-widget elementor-widget-heading\" data-id=\"f475d54\" data-element_type=\"widget\" data-e-type=\"widget\" data-widget_type=\"heading.default\">\n\t\t\t\t\t<h2 class=\"elementor-heading-title elementor-size-default\">Garant\u00eda limitada de Square Cabinetry<\/h2>\t\t\t\t<\/div>\n\t\t\t\t<div class=\"elementor-element elementor-element-1d78935 elementor-widget elementor-widget-heading\" data-id=\"1d78935\" data-element_type=\"widget\" data-e-type=\"widget\" data-widget_type=\"heading.default\">\n\t\t\t\t\t<h2 class=\"elementor-heading-title elementor-size-default\">Garant\u00eda limitada de 1 a\u00f1o<\/h2>\t\t\t\t<\/div>\n\t\t\t\t<div class=\"elementor-element elementor-element-9ad6b2f color-scheme-inherit text-left elementor-widget elementor-widget-text-editor\" data-id=\"9ad6b2f\" data-element_type=\"widget\" data-e-type=\"widget\" data-widget_type=\"text-editor.default\">\n\t\t\t\t\t\t\t\t\t<p>Square Cabinetry ofrece una garant\u00eda limitada de 1 a\u00f1o que cubre los defectos de materiales y mano de obra a partir de la fecha de compra.<br \/>Esta garant\u00eda s\u00f3lo se aplica al comprador original y para uso residencial.<\/p><p>La cobertura incluye la sustituci\u00f3n o reparaci\u00f3n de las piezas defectuosas a discreci\u00f3n de Square Cabinetry. Los costes de mano de obra de desmontaje, instalaci\u00f3n o cualquier servicio relacionado no est\u00e1n incluidos.<\/p>\t\t\t\t\t\t\t\t<\/div>\n\t\t<div class=\"elementor-element elementor-element-4332022 e-con-full e-flex e-con e-child\" data-id=\"4332022\" data-element_type=\"container\" data-e-type=\"container\">\n\t\t<div class=\"elementor-element elementor-element-5099265 e-con-full e-flex e-con e-child\" data-id=\"5099265\" data-element_type=\"container\" data-e-type=\"container\">\n\t\t\t\t<div class=\"elementor-element elementor-element-c076f20 elementor-widget elementor-widget-heading\" data-id=\"c076f20\" data-element_type=\"widget\" data-e-type=\"widget\" data-widget_type=\"heading.default\">\n\t\t\t\t\t<h6 class=\"elementor-heading-title elementor-size-default\">Lo que no est\u00e1 cubierto<\/h6>\t\t\t\t<\/div>\n\t\t\t\t<div class=\"elementor-element elementor-element-a06be32 color-scheme-inherit text-left elementor-widget elementor-widget-text-editor\" data-id=\"a06be32\" data-element_type=\"widget\" data-e-type=\"widget\" data-widget_type=\"text-editor.default\">\n\t\t\t\t\t\t\t\t\t<p>Esta garant\u00eda no cubre los da\u00f1os o defectos causados por:<\/p><ul><li>Manipulaci\u00f3n, almacenamiento, instalaci\u00f3n, montaje o desmontaje inadecuados<\/li><li>Modificaciones o da\u00f1os intencionados<\/li><li>Exposici\u00f3n a humedad extrema u otras condiciones ambientales<\/li><li>Luz solar, humo, limpiadores dom\u00e9sticos o productos qu\u00edmicos<\/li><li>Mal uso, accidentes o negligencia<\/li><\/ul><p>Square Cabinetry determinar\u00e1 lo que se considera un defecto.<br \/>Se requieren fotos para todas las reclamaciones de garant\u00eda.<\/p>\t\t\t\t\t\t\t\t<\/div>\n\t\t\t\t<div class=\"elementor-element elementor-element-61db51b elementor-widget elementor-widget-heading\" data-id=\"61db51b\" data-element_type=\"widget\" data-e-type=\"widget\" data-widget_type=\"heading.default\">\n\t\t\t\t\t<h6 class=\"elementor-heading-title elementor-size-default\">Consideraciones clim\u00e1ticas y medioambientales<\/h6>\t\t\t\t<\/div>\n\t\t\t\t<div class=\"elementor-element elementor-element-287163e color-scheme-inherit text-left elementor-widget elementor-widget-text-editor\" data-id=\"287163e\" data-element_type=\"widget\" data-e-type=\"widget\" data-widget_type=\"text-editor.default\">\n\t\t\t\t\t\t\t\t\t<p>La madera se dilata y contrae de forma natural con los cambios de humedad:<\/p><ul><li>Una mayor humedad puede provocar una ligera hinchaz\u00f3n<\/li><li>Una menor humedad puede causar encogimiento<\/li><li>La mayor\u00eda de los cambios se producen a lo ancho de la madera, no a lo alto<\/li><\/ul><p>Los armarios est\u00e1n dise\u00f1ados para adaptarse a cierto movimiento, y las bisagras ajustables ayudan a compensarlo.<br \/>Sin embargo, la instalaci\u00f3n de armarios en ambientes extremadamente h\u00famedos o en lugares sin aire acondicionado puede provocar un movimiento notable de la madera. Esto se considera normal y no est\u00e1 cubierto por la garant\u00eda.<\/p><p>La exposici\u00f3n prolongada a la luz solar directa puede provocar la p\u00e9rdida de color. No se trata de un defecto de fabricaci\u00f3n.<\/p>\t\t\t\t\t\t\t\t<\/div>\n\t\t\t\t<\/div>\n\t\t<div class=\"elementor-element elementor-element-e4fa392 e-con-full e-flex e-con e-child\" data-id=\"e4fa392\" data-element_type=\"container\" data-e-type=\"container\">\n\t\t\t\t<div class=\"elementor-element elementor-element-c838c8b elementor-widget elementor-widget-heading\" data-id=\"c838c8b\" data-element_type=\"widget\" data-e-type=\"widget\" data-widget_type=\"heading.default\">\n\t\t\t\t\t<h6 class=\"elementor-heading-title elementor-size-default\">Caracter\u00edsticas naturales de la madera - No se consideran defectos<\/h6>\t\t\t\t<\/div>\n\t\t\t\t<div class=\"elementor-element elementor-element-3707b43 color-scheme-inherit text-left elementor-widget elementor-widget-text-editor\" data-id=\"3707b43\" data-element_type=\"widget\" data-e-type=\"widget\" data-widget_type=\"text-editor.default\">\n\t\t\t\t\t\t\t\t\t<p>La madera es un material natural y var\u00eda de forma natural. Las siguientes caracter\u00edsticas son esperadas y normales, y no est\u00e1n cubiertas por la garant\u00eda:<\/p><ul><li>Variaciones de textura<strong><b>, <\/b><\/strong>vetas de madera, vetas minerales, nudos<strong><b>, <\/b><\/strong>agujeros de alfiler, marcas de savia<\/li><li>El color natural cambia con el tiempo a medida que la madera envejece<\/li><li>Ligeras grietas en las juntas debido a la dilataci\u00f3n y contracci\u00f3n de la madera.<\/li><li>Diferencias de color entre la madera dura, el contrachapado, la chapa, el MDF y los accesorios<\/li><li>Variaci\u00f3n del acabado debido a las diferencias naturales de absorci\u00f3n de la madera<\/li><li>Cambios de color debidos a la exposici\u00f3n ambiental (luz solar, humo, humedad, etc.)<\/li><\/ul><p>Estas caracter\u00edsticas reflejan la naturaleza aut\u00e9ntica de la madera real y no se consideran defectos.<\/p>\t\t\t\t\t\t\t\t<\/div>\n\t\t\t\t<div class=\"elementor-element elementor-element-5e3f6f4 elementor-widget elementor-widget-heading\" data-id=\"5e3f6f4\" data-element_type=\"widget\" data-e-type=\"widget\" data-widget_type=\"heading.default\">\n\t\t\t\t\t<h6 class=\"elementor-heading-title elementor-size-default\">Proceso de resoluci\u00f3n de garant\u00edas<\/h6>\t\t\t\t<\/div>\n\t\t\t\t<div class=\"elementor-element elementor-element-7deac22 color-scheme-inherit text-left elementor-widget elementor-widget-text-editor\" data-id=\"7deac22\" data-element_type=\"widget\" data-e-type=\"widget\" data-widget_type=\"text-editor.default\">\n\t\t\t\t\t\t\t\t\t<p>Square Cabinetry se reserva el derecho de elegir la soluci\u00f3n m\u00e1s eficiente y rentable, que puede incluir la sustituci\u00f3n de s\u00f3lo los componentes individuales (por ejemplo, la sustituci\u00f3n de una puerta en lugar de todo el gabinete).<\/p>\t\t\t\t\t\t\t\t<\/div>\n\t\t\t\t<\/div>\n\t\t\t\t<\/div>\n\t\t\t\t\t<\/div>\n\t\t\t\t<\/div>\n\t\t\t\t<\/div>","protected":false},"excerpt":{"rendered":"<p>Square Cabinetry Limited Warranty 1-Year Limited Warranty Square Cabinetry provides a 1-year limited warranty\u00a0covering defects in materials and workmanship\u00a0from the<\/p>","protected":false},"author":1,"featured_media":0,"parent":0,"menu_order":0,"comment_status":"closed","ping_status":"closed","template":"elementor_header_footer","meta":{"_acf_changed":false,"footnotes":""},"class_list":["post-1558","page","type-page","status-publish","hentry"],"acf":[],"_hostinger_reach_plugin_has_subscription_block":false,"_hostinger_reach_plugin_is_elementor":false,"_links":{"self":[{"href":"https:\/\/sqcabinetry.com\/es\/wp-json\/wp\/v2\/pages\/1558","targetHints":{"allow":["GET"]}}],"collection":[{"href":"https:\/\/sqcabinetry.com\/es\/wp-json\/wp\/v2\/pages"}],"about":[{"href":"https:\/\/sqcabinetry.com\/es\/wp-json\/wp\/v2\/types\/page"}],"author":[{"embeddable":true,"href":"https:\/\/sqcabinetry.com\/es\/wp-json\/wp\/v2\/users\/1"}],"replies":[{"embeddable":true,"href":"https:\/\/sqcabinetry.com\/es\/wp-json\/wp\/v2\/comments?post=1558"}],"version-history":[{"count":22,"href":"https:\/\/sqcabinetry.com\/es\/wp-json\/wp\/v2\/pages\/1558\/revisions"}],"predecessor-version":[{"id":29600,"href":"https:\/\/sqcabinetry.com\/es\/wp-json\/wp\/v2\/pages\/1558\/revisions\/29600"}],"wp:attachment":[{"href":"https:\/\/sqcabinetry.com\/es\/wp-json\/wp\/v2\/media?parent=1558"}],"curies":[{"name":"wp","href":"https:\/\/api.w.org\/{rel}","templated":true}]}}