{"id":1576,"date":"2025-11-05T06:33:39","date_gmt":"2025-11-05T06:33:39","guid":{"rendered":"https:\/\/sqcabinetry.com\/?page_id=1576"},"modified":"2026-04-30T11:45:52","modified_gmt":"2026-04-30T18:45:52","slug":"faq","status":"publish","type":"page","link":"https:\/\/sqcabinetry.com\/es\/faq\/","title":{"rendered":"PREGUNTAS FRECUENTES"},"content":{"rendered":"<div data-elementor-type=\"wp-page\" data-elementor-id=\"1576\" class=\"elementor elementor-1576\" data-elementor-post-type=\"page\">\n\t\t\t\t<div class=\"elementor-element elementor-element-8a094f1 wd-section-stretch e-flex e-con-boxed e-con e-parent\" data-id=\"8a094f1\" data-element_type=\"container\" data-e-type=\"container\">\n\t\t\t\t\t<div class=\"e-con-inner\">\n\t\t\t\t<div class=\"elementor-element elementor-element-995ecda elementor-widget elementor-widget-heading\" data-id=\"995ecda\" data-element_type=\"widget\" data-e-type=\"widget\" data-widget_type=\"heading.default\">\n\t\t\t\t\t<h2 class=\"elementor-heading-title elementor-size-default\">Preguntas frecuentes<\/h2>\t\t\t\t<\/div>\n\t\t\t\t<div class=\"elementor-element elementor-element-27045c3 color-scheme-inherit text-left elementor-widget elementor-widget-text-editor\" data-id=\"27045c3\" data-element_type=\"widget\" data-e-type=\"widget\" data-widget_type=\"text-editor.default\">\n\t\t\t\t\t\t\t\t\t\u00bfA\u00fan tiene preguntas? Nuestro equipo est\u00e1 a su disposici\u00f3n para ayudarle.\t\t\t\t\t\t\t\t<\/div>\n\t\t\t\t<div class=\"elementor-element elementor-element-05248d8 elementor-align-center elementor-widget elementor-widget-button\" data-id=\"05248d8\" data-element_type=\"widget\" data-e-type=\"widget\" data-widget_type=\"button.default\">\n\t\t\t\t\t\t\t\t\t\t<a class=\"elementor-button elementor-button-link elementor-size-sm\" href=\"#\">\n\t\t\t\t\t\t<span class=\"elementor-button-content-wrapper\">\n\t\t\t\t\t\t<span class=\"elementor-button-icon\">\n\t\t\t\t<svg aria-hidden=\"true\" class=\"e-font-icon-svg e-fas-envelope\" viewbox=\"0 0 512 512\" xmlns=\"http:\/\/www.w3.org\/2000\/svg\"><path d=\"M502.3 190.8c3.9-3.1 9.7-.2 9.7 4.7V400c0 26.5-21.5 48-48 48H48c-26.5 0-48-21.5-48-48V195.6c0-5 5.7-7.8 9.7-4.7 22.4 17.4 52.1 39.5 154.1 113.6 21.1 15.4 56.7 47.8 92.2 47.6 35.7.3 72-32.8 92.3-47.6 102-74.1 131.6-96.3 154-113.7zM256 320c23.2.4 56.6-29.2 73.4-41.4 132.7-96.3 142.8-104.7 173.4-128.7 5.8-4.5 9.2-11.5 9.2-18.9v-19c0-26.5-21.5-48-48-48H48C21.5 64 0 85.5 0 112v19c0 7.4 3.4 14.3 9.2 18.9 30.6 23.9 40.7 32.4 173.4 128.7 16.8 12.2 50.2 41.8 73.4 41.4z\"><\/path><\/svg>\t\t\t<\/span>\n\t\t\t\t\t\t\t\t\t<span class=\"elementor-button-text\">service@sqcabinetry.com<\/span>\n\t\t\t\t\t<\/span>\n\t\t\t\t\t<\/a>\n\t\t\t\t\t\t\t\t<\/div>\n\t\t\t\t<div class=\"elementor-element elementor-element-6ada5a4 elementor-widget elementor-widget-wd_accordion\" data-id=\"6ada5a4\" data-element_type=\"widget\" data-e-type=\"widget\" data-widget_type=\"wd_accordion.default\">\n\t\t\t\t<div class=\"elementor-widget-container\">\n\t\t\t\t\t\n\t\t<div class=\"wd-accordion wd-style-default wd-titles-left wd-opener-pos-left wd-opener-style-arrow\" data-state=\"first\">\n\t\t\t\t\t\t\t\n\t\t\t\t<div class=\"wd-accordion-item\">\n\t\t\t\t\t<div class=\"wd-accordion-title wd-role-btn wd-active\" data-accordion-index=\"0\" tabindex=\"0\">\n\t\t\t\t\t\t<div class=\"wd-accordion-title-text\">\n\t\t\t\t\t\t\t\t\t\t\t\t\t\t<span>\n\t\t\t\t\t\t\t\t\u00bfQu\u00e9 es la RTA?\t\t\t\t\t\t\t<\/span>\n\t\t\t\t\t\t<\/div>\n\t\t\t\t\t\t<span class=\"wd-accordion-opener\"><\/span>\n\t\t\t\t\t<\/div>\n\n\t\t\t\t\t<div class=\"wd-accordion-content wd-entry-content wd-active\" data-accordion-index=\"0\">\n\t\t\t\t\t\t\t\t\t\t\t\t\t\n\t\t\t\t\t\t\t<p>Vendemos armarios RTA. RTA significa armarios listos para montar, listos para un f\u00e1cil montaje in situ. Los armarios altos se montan en 10 minutos y los bajos en 20 minutos.<\/p>\n\t\t\t\t\t\t\t\t\t\t\t\t\t\t\t\t\t\t<\/div>\n\t\t\t\t<\/div>\n\t\t\t\t\t\t\t\n\t\t\t\t<div class=\"wd-accordion-item\">\n\t\t\t\t\t<div class=\"wd-accordion-title wd-role-btn\" data-accordion-index=\"1\" tabindex=\"0\">\n\t\t\t\t\t\t<div class=\"wd-accordion-title-text\">\n\t\t\t\t\t\t\t\t\t\t\t\t\t\t<span>\n\t\t\t\t\t\t\t\t\u00bfDe qu\u00e9 material es la caja?\t\t\t\t\t\t\t<\/span>\n\t\t\t\t\t\t<\/div>\n\t\t\t\t\t\t<span class=\"wd-accordion-opener\"><\/span>\n\t\t\t\t\t<\/div>\n\n\t\t\t\t\t<div class=\"wd-accordion-content wd-entry-content\" data-accordion-index=\"1\">\n\t\t\t\t\t\t\t\t\t\t\t\t\t\n\t\t\t\t\t\t\t<p>Utilizamos madera contrachapada con superficie de melamina para la caja.<br \/>La melamina es duradera, ign\u00edfuga, impermeable al agua, resistente a las manchas y puede limpiarse con seguridad con soluciones dom\u00e9sticas fuertes.<\/p>\n\t\t\t\t\t\t\t\t\t\t\t\t\t\t\t\t\t\t<\/div>\n\t\t\t\t<\/div>\n\t\t\t\t\t\t\t\n\t\t\t\t<div class=\"wd-accordion-item\">\n\t\t\t\t\t<div class=\"wd-accordion-title wd-role-btn\" data-accordion-index=\"2\" tabindex=\"0\">\n\t\t\t\t\t\t<div class=\"wd-accordion-title-text\">\n\t\t\t\t\t\t\t\t\t\t\t\t\t\t<span>\n\t\t\t\t\t\t\t\t\u00bfLa vitrina incluye cristal\uff1f\t\t\t\t\t\t\t<\/span>\n\t\t\t\t\t\t<\/div>\n\t\t\t\t\t\t<span class=\"wd-accordion-opener\"><\/span>\n\t\t\t\t\t<\/div>\n\n\t\t\t\t\t<div class=\"wd-accordion-content wd-entry-content\" data-accordion-index=\"2\">\n\t\t\t\t\t\t\t\t\t\t\t\t\t\n\t\t\t\t\t\t\t<p>No, la vitrina no incluye cristal. Si desea realizar un pedido, p\u00f3ngase en contacto con el servicio de atenci\u00f3n al cliente.<\/p>\n\t\t\t\t\t\t\t\t\t\t\t\t\t\t\t\t\t\t<\/div>\n\t\t\t\t<\/div>\n\t\t\t\t\t\t\t\n\t\t\t\t<div class=\"wd-accordion-item\">\n\t\t\t\t\t<div class=\"wd-accordion-title wd-role-btn\" data-accordion-index=\"3\" tabindex=\"0\">\n\t\t\t\t\t\t<div class=\"wd-accordion-title-text\">\n\t\t\t\t\t\t\t\t\t\t\t\t\t\t<span>\n\t\t\t\t\t\t\t\t\u00bfOfrecen servicio de env\u00edo o entrega?\t\t\t\t\t\t\t<\/span>\n\t\t\t\t\t\t<\/div>\n\t\t\t\t\t\t<span class=\"wd-accordion-opener\"><\/span>\n\t\t\t\t\t<\/div>\n\n\t\t\t\t\t<div class=\"wd-accordion-content wd-entry-content\" data-accordion-index=\"3\">\n\t\t\t\t\t\t\t\t\t\t\t\t\t\n\t\t\t\t\t\t\t<p>Actualmente no ofrecemos opciones de env\u00edo o entrega. Si tiene necesidades o peticiones espec\u00edficas, no dude en ponerse en contacto con nosotros.<\/p>\n\t\t\t\t\t\t\t\t\t\t\t\t\t\t\t\t\t\t<\/div>\n\t\t\t\t<\/div>\n\t\t\t\t\t\t\t\n\t\t\t\t<div class=\"wd-accordion-item\">\n\t\t\t\t\t<div class=\"wd-accordion-title wd-role-btn\" data-accordion-index=\"4\" tabindex=\"0\">\n\t\t\t\t\t\t<div class=\"wd-accordion-title-text\">\n\t\t\t\t\t\t\t\t\t\t\t\t\t\t<span>\n\t\t\t\t\t\t\t\tQu\u00e9 es un armario enmarcado\uff1f\t\t\t\t\t\t\t<\/span>\n\t\t\t\t\t\t<\/div>\n\t\t\t\t\t\t<span class=\"wd-accordion-opener\"><\/span>\n\t\t\t\t\t<\/div>\n\n\t\t\t\t\t<div class=\"wd-accordion-content wd-entry-content\" data-accordion-index=\"4\">\n\t\t\t\t\t\t\t\t\t\t\t\t\t\n\t\t\t\t\t\t\t<p>Los armarios con marco representan una construcci\u00f3n m\u00e1s tradicional, de estilo americano. El dise\u00f1o del marco frontal proporciona mayor resistencia y facilita la instalaci\u00f3n y la alineaci\u00f3n de puertas y cajones.<\/p><p>Los laterales expuestos de los armarios requieren la instalaci\u00f3n in situ de paneles de revestimiento independientes para darles un aspecto acabado.<\/p><p>Las l\u00edneas de armarios enmarcados suelen ofrecer una gama m\u00e1s amplia de tama\u00f1os y opciones de personalizaci\u00f3n, lo que las hace ideales para distribuciones de cocina m\u00e1s a medida.<\/p>\n\t\t\t\t\t\t\t\t\t\t\t\t\t\t\t\t\t\t<\/div>\n\t\t\t\t<\/div>\n\t\t\t\t\t\t\t\n\t\t\t\t<div class=\"wd-accordion-item\">\n\t\t\t\t\t<div class=\"wd-accordion-title wd-role-btn\" data-accordion-index=\"5\" tabindex=\"0\">\n\t\t\t\t\t\t<div class=\"wd-accordion-title-text\">\n\t\t\t\t\t\t\t\t\t\t\t\t\t\t<span>\n\t\t\t\t\t\t\t\tQu\u00e9 es un armario sin marco\uff1f\t\t\t\t\t\t\t<\/span>\n\t\t\t\t\t\t<\/div>\n\t\t\t\t\t\t<span class=\"wd-accordion-opener\"><\/span>\n\t\t\t\t\t<\/div>\n\n\t\t\t\t\t<div class=\"wd-accordion-content wd-entry-content\" data-accordion-index=\"5\">\n\t\t\t\t\t\t\t\t\t\t\t\t\t\n\t\t\t\t\t\t\t<p>Los armarios sin marco presentan una est\u00e9tica elegante y moderna, especialmente popular en las cocinas de estilo europeo. Este tipo de construcci\u00f3n ofrece acceso total al interior del armario y permite una mayor capacidad de cajones.<\/p><p>Debido a las estrechas tolerancias en el dise\u00f1o sin marco, se recomiendan m\u00e1s rellenos en la disposici\u00f3n para mantener la holgura adecuada para el funcionamiento de puertas y cajones.<\/p><p>En comparaci\u00f3n con los armarios con marco, los estilos sin marco suelen ofrecer menos opciones de tama\u00f1o y modificaci\u00f3n debido a las limitaciones de construcci\u00f3n.<\/p>\n\t\t\t\t\t\t\t\t\t\t\t\t\t\t\t\t\t\t<\/div>\n\t\t\t\t<\/div>\n\t\t\t\t\t\t\t\n\t\t\t\t<div class=\"wd-accordion-item\">\n\t\t\t\t\t<div class=\"wd-accordion-title wd-role-btn\" data-accordion-index=\"6\" tabindex=\"0\">\n\t\t\t\t\t\t<div class=\"wd-accordion-title-text\">\n\t\t\t\t\t\t\t\t\t\t\t\t\t\t<span>\n\t\t\t\t\t\t\t\tGu\u00eda para el cuidado del armario\t\t\t\t\t\t\t<\/span>\n\t\t\t\t\t\t<\/div>\n\t\t\t\t\t\t<span class=\"wd-accordion-opener\"><\/span>\n\t\t\t\t\t<\/div>\n\n\t\t\t\t\t<div class=\"wd-accordion-content wd-entry-content\" data-accordion-index=\"6\">\n\t\t\t\t\t\t\t\t\t\t\t\t\t\n\t\t\t\t\t\t\t<p>Sus nuevos armarios de cocina o ba\u00f1o son una valiosa inversi\u00f3n y, con los cuidados adecuados, lucir\u00e1n bonitos durante a\u00f1os. Estos son algunos consejos sencillos y eficaces para ayudar a mantener su aspecto:<\/p><p>Mantenimiento diario y rutinario<\/p><ul><li>Limpie regularmente el polvo con un pa\u00f1o suave, h\u00famedo o humedecido con abrillantador. Limpie siempre a lo largo de la veta de la madera para evitar ara\u00f1azos producidos por la arenilla del polvo.<\/li><li>Aspire de vez en cuando el interior de los armarios para eliminar el polvo y los residuos ocultos.<\/li><li>Limpie los restos de aceite de cocina o humo con un pa\u00f1o h\u00famedo y una peque\u00f1a cantidad de limpiamuebles suave.<\/li><\/ul><p>Consejo: Las camisetas viejas y limpias, las gamuzas o la franela son excelentes pa\u00f1os de limpieza. Evita los que tengan botones o broches que puedan ara\u00f1ar la superficie.<\/p><p>Limpieza<\/p><ul><li>Limpie inmediatamente los derrames, salpicaduras y manchas de agua para mantener las superficies secas y limpias.<\/li><li>Limpie seg\u00fan sea necesario con un pa\u00f1o suave y sin pelusas y un jab\u00f3n o detergente suave diluido en agua tibia.<\/li><li>Seque siempre las superficies inmediatamente con un pa\u00f1o suave y limpio.<\/li><\/ul><p>No hacer limpieza<\/p><ul><li>Evite pa\u00f1os de cocina o esponjas que puedan contener grasa o restos de detergente.<\/li><li>No utilice limpiadores que contengan lej\u00eda, amon\u00edaco o productos qu\u00edmicos abrasivos (por ejemplo, disolventes derivados del petr\u00f3leo).<\/li><li>No utilice nunca estropajos, lana de acero ni limpiadores en polvo.<\/li><li>Mantenga los limpiadores de hornos y otros productos qu\u00edmicos agresivos alejados de las superficies de los armarios.<\/li><li>Evite colocar peque\u00f1os electrodom\u00e9sticos (por ejemplo, tostadoras o cafeteras) en lugares donde el calor inunde directamente las superficies de los armarios.<\/li><li>No coloque nunca pa\u00f1os h\u00famedos sobre las puertas de los armarios, ya que la humedad excesiva puede causar da\u00f1os permanentes.<\/li><\/ul>\n\t\t\t\t\t\t\t\t\t\t\t\t\t\t\t\t\t\t<\/div>\n\t\t\t\t<\/div>\n\t\t\t\t\t\t\t\n\t\t\t\t<div class=\"wd-accordion-item\">\n\t\t\t\t\t<div class=\"wd-accordion-title wd-role-btn\" data-accordion-index=\"7\" tabindex=\"0\">\n\t\t\t\t\t\t<div class=\"wd-accordion-title-text\">\n\t\t\t\t\t\t\t\t\t\t\t\t\t\t<span>\n\t\t\t\t\t\t\t\tGu\u00eda de molduras para armarios de cocina\t\t\t\t\t\t\t<\/span>\n\t\t\t\t\t\t<\/div>\n\t\t\t\t\t\t<span class=\"wd-accordion-opener\"><\/span>\n\t\t\t\t\t<\/div>\n\n\t\t\t\t\t<div class=\"wd-accordion-content wd-entry-content\" data-accordion-index=\"7\">\n\t\t\t\t\t\t\t\t\t\t\t\t\t\n\t\t\t\t\t\t\t<p>Las molduras son un toque final clave en los armarios de cocina. No s\u00f3lo mejora el aspecto general a\u00f1adiendo un toque personalizado y pulido, sino que tambi\u00e9n ayuda a resolver los huecos y a mejorar las transiciones entre armarios, paredes, techos y suelos. Existe una gran variedad de tipos de molduras. He aqu\u00ed algunas de las opciones m\u00e1s comunes:<\/p><ol><li>Molduras de corona<\/li><\/ol><ul><li>Se instala en la parte superior de armarios altos y altos para a\u00f1adir altura y un acabado decorativo.<\/li><li>Dependiendo de la revelaci\u00f3n, la corona puede ser montada en la parte superior o delante del marco del armario, asegurada con bloques de respaldo.<\/li><li>Disponibles en varios estilos y alturas para adaptarse a diferentes niveles de techo y preferencias de dise\u00f1o.<\/li><\/ul><ol start=\"2\"><li>Moldura de arranque\/recalce<\/li><\/ol><ul><li>Se monta debajo de la moldura de corona para aumentar la altura o ayudar a alinearla con el techo.<\/li><li>Se utiliza cuando la altura del techo no coincide con la altura de la moldura de corona.<\/li><li>Ayuda a disimular techos desiguales ajustando la posici\u00f3n de la corona a cada lado.<\/li><li>A menudo se utiliza junto con las molduras de corona para conseguir un aspecto m\u00e1s elevado y flexible.<\/li><li>Normalmente se sustituye por un relleno alto.<\/li><\/ul><ol start=\"3\"><li>Moldeado de ra\u00edles ligeros<\/li><\/ol><ul><li>Se instala en la parte inferior de los armarios altos para:<ul><li>Ocultar la iluminaci\u00f3n bajo el armario<\/li><li>Reducir el deslumbramiento<\/li><li>Proporcionan un borde decorativo limpio<\/li><\/ul><\/li><li>A la hora de elegir, aseg\u00farese de que el espacio inferior permite colocar los electrodom\u00e9sticos de la encimera.<\/li><\/ul><ol start=\"4\"><li>Rellenos<\/li><\/ol><ul><li>Rellene los espacios no utilizados o inc\u00f3modos en los recorridos de los armarios.<\/li><li>Se puede utilizar:<ul><li>Verticalmente, para separar los armarios de las paredes (evitar la obstrucci\u00f3n de cajones\/puertas)<\/li><li>Horizontalmente, como moldura de corona\/barandilla\/empalizada<\/li><\/ul><\/li><li>Disponible en anchos de 3\u201d y 6\u201d y en varias longitudes.<\/li><li>Dise\u00f1ado para ser cortado en el campo para un desperdicio m\u00ednimo.<\/li><\/ul><ol start=\"5\"><li>Moldura de rodapi\u00e9<\/li><\/ol><ul><li>Se instala en el frente inferior de los armarios bajos para cubrir el espacio sin terminar de la puntera.<\/li><li>Crea una zona rebajada para los pies, lo que permite a los usuarios situarse c\u00f3modamente cerca de las encimeras.<\/li><li>Se suministra en tiras de 96\u201d de longitud, cortadas para adaptarse a todo el recorrido del armario.<\/li><li>Se aplica despu\u00e9s de la instalaci\u00f3n para un aspecto limpio y continuo.<\/li><\/ul><ol start=\"6\"><li>Moldeo por rayado<\/li><\/ol><ul><li>Pieza de remate fina y flexible que se utiliza para ocultar peque\u00f1os huecos y bordes irregulares.<\/li><li>Se aplica entre los armarios y las paredes, suelos o techos, especialmente cuando las superficies est\u00e1n ligeramente inclinadas.<\/li><li>Tambi\u00e9n se utiliza para cubrir los bordes crudos de las molduras de puntera u otros materiales cortados.<\/li><li>Normalmente cubre huecos de hasta \u00bd\u201d de ancho y bordes de hasta \u00be\u201d de grosor.<\/li><li>Se suministra en longitudes de 96\u201d y requiere corte en campo.<\/li><\/ul><ol start=\"7\"><li>Molduras de esquina<\/li><\/ol><ul><li>Se utiliza cuando dos paneles se unen en un \u00e1ngulo de 90\u00b0:<ul><li>Moldura de esquina exterior: Acabado de esquinas exteriores expuestas<\/li><li>Moldura de esquina interior: Cubre las juntas de las esquinas interiores<\/li><\/ul><\/li><li>Ideal para traseras de islas y pen\u00ednsulas, o cualquier trasera de armario vista donde se unan paneles.<\/li><\/ul><ol start=\"8\"><li>Paneles de piel<\/li><\/ol><ul><li>Paneles de madera contrachapada con acabado exterior.<\/li><li>Se utiliza para cubrir los laterales o la parte trasera de los armarios que, de otro modo, quedar\u00edan inacabados o a la vista.<\/li><li>Predimensionados para encajar detr\u00e1s de los marcos frontales o pueden sobredimensionarse para un ajuste personalizado (por ejemplo, para islas o armarios apilados).<\/li><li>Cuando se utiliza un panel final de frigor\u00edfico Return junto a una encimera, se puede aplicar un panel Tall Skin para proporcionar un borde enrasado con la encimera.<\/li><\/ul>\n\t\t\t\t\t\t\t\t\t\t\t\t\t\t\t\t\t\t<\/div>\n\t\t\t\t<\/div>\n\t\t\t\t\t<\/div>\n\t\t\t\t\t\t<\/div>\n\t\t\t\t<\/div>\n\t\t\t\t\t<\/div>\n\t\t\t\t<\/div>\n\t\t\t\t<\/div>","protected":false},"excerpt":{"rendered":"<p>FAQs Still have questions? Our team is here and happy to support you! service@sqcabinetry.com What is RTA? We sell RTA<\/p>","protected":false},"author":1,"featured_media":0,"parent":0,"menu_order":0,"comment_status":"closed","ping_status":"closed","template":"elementor_header_footer","meta":{"_acf_changed":false,"footnotes":""},"class_list":["post-1576","page","type-page","status-publish","hentry"],"acf":[],"_hostinger_reach_plugin_has_subscription_block":false,"_hostinger_reach_plugin_is_elementor":false,"_links":{"self":[{"href":"https:\/\/sqcabinetry.com\/es\/wp-json\/wp\/v2\/pages\/1576","targetHints":{"allow":["GET"]}}],"collection":[{"href":"https:\/\/sqcabinetry.com\/es\/wp-json\/wp\/v2\/pages"}],"about":[{"href":"https:\/\/sqcabinetry.com\/es\/wp-json\/wp\/v2\/types\/page"}],"author":[{"embeddable":true,"href":"https:\/\/sqcabinetry.com\/es\/wp-json\/wp\/v2\/users\/1"}],"replies":[{"embeddable":true,"href":"https:\/\/sqcabinetry.com\/es\/wp-json\/wp\/v2\/comments?post=1576"}],"version-history":[{"count":25,"href":"https:\/\/sqcabinetry.com\/es\/wp-json\/wp\/v2\/pages\/1576\/revisions"}],"predecessor-version":[{"id":29632,"href":"https:\/\/sqcabinetry.com\/es\/wp-json\/wp\/v2\/pages\/1576\/revisions\/29632"}],"wp:attachment":[{"href":"https:\/\/sqcabinetry.com\/es\/wp-json\/wp\/v2\/media?parent=1576"}],"curies":[{"name":"wp","href":"https:\/\/api.w.org\/{rel}","templated":true}]}}